{"id":5602,"date":"2025-02-11T02:41:41","date_gmt":"2025-02-11T01:41:41","guid":{"rendered":"https:\/\/skullcase.store\/demo\/demo\/?post_type=product&#038;p=5602"},"modified":"2025-10-22T19:58:58","modified_gmt":"2025-10-23T01:58:58","slug":"iphone-16-plus-ventana","status":"publish","type":"product","link":"https:\/\/skullcase.store\/demo\/product\/iphone-16-plus-ventana\/","title":{"rendered":"Iphone 16 Plus Ventana"},"content":{"rendered":"<div style=\"width: 1080px;\" class=\"wp-video\"><!--[if lt IE 9]><script>document.createElement('video');<\/script><![endif]-->\n<video class=\"wp-video-shortcode\" id=\"video-5602-1\" width=\"1080\" height=\"1920\" preload=\"metadata\" controls=\"controls\"><source type=\"video\/mp4\" src=\"https:\/\/skullcase.store\/demo\/wp-content\/uploads\/2025\/02\/blanco.mp4?_=1\" \/><a href=\"https:\/\/skullcase.store\/demo\/wp-content\/uploads\/2025\/02\/blanco.mp4\">https:\/\/skullcase.store\/demo\/wp-content\/uploads\/2025\/02\/blanco.mp4<\/a><\/video><\/div>\n","protected":false},"excerpt":{"rendered":"<p><span style=\"color: #000000;\">\u2022 Protecci\u00f3n de 360\u00b0<\/span><br \/>\n<span style=\"color: #000000;\">El espesor perfecto y m\u00e1s ligero,<\/span><br \/>\n<span style=\"color: #000000;\">Funda Reforzada Transparente ANTISHOCK con ventana protectora premium para las c\u00e1maras de tu celular.<\/span><\/p>\n<p><span style=\"color: #000000;\">\u2022 Dise\u00f1o de diamantes m\u00e1s ligero.<\/span><br \/>\n<span style=\"color: #000000;\">Sentir\u00e1s una sensaci\u00f3n \u00fanica al tacto con tu dispositivo.<\/span><\/p>\n<p><span style=\"color: #000000;\">\u2022 Sensaci\u00f3n premium<\/span><br \/>\n<span style=\"color: #000000;\">Adherencia firmemente a tu tel\u00e9fono.<\/span><br \/>\n<span style=\"color: #000000;\">Todos los botones de aluminio est\u00e1n dise\u00f1ados para una ejecuci\u00f3n r\u00e1pida y precisa.<\/span><\/p>\n<p><span style=\"color: #000000;\">\u2022 Anillo MagSafe premium de fuerte Absorci\u00f3n magn\u00e9tica.<\/span><\/p>\n<p>&nbsp;<\/p>\n<p>&nbsp;<\/p>\n","protected":false},"featured_media":5708,"comment_status":"open","ping_status":"closed","template":"","meta":{"_acf_changed":false},"product_brand":[],"product_cat":[73,65],"product_tag":[],"class_list":{"0":"post-5602","1":"product","2":"type-product","3":"status-publish","4":"has-post-thumbnail","6":"product_cat-iphone-16-plus-ventana","7":"product_cat-iphone16-ventana","8":"pa_color-azul","9":"pa_color-blanco","10":"pa_color-negro","11":"pa_color-rosa","13":"first","14":"instock","15":"shipping-taxable","16":"purchasable","17":"product-type-variable"},"acf":[],"_links":{"self":[{"href":"https:\/\/skullcase.store\/demo\/wp-json\/wp\/v2\/product\/5602","targetHints":{"allow":["GET"]}}],"collection":[{"href":"https:\/\/skullcase.store\/demo\/wp-json\/wp\/v2\/product"}],"about":[{"href":"https:\/\/skullcase.store\/demo\/wp-json\/wp\/v2\/types\/product"}],"replies":[{"embeddable":true,"href":"https:\/\/skullcase.store\/demo\/wp-json\/wp\/v2\/comments?post=5602"}],"wp:featuredmedia":[{"embeddable":true,"href":"https:\/\/skullcase.store\/demo\/wp-json\/wp\/v2\/media\/5708"}],"wp:attachment":[{"href":"https:\/\/skullcase.store\/demo\/wp-json\/wp\/v2\/media?parent=5602"}],"wp:term":[{"taxonomy":"product_brand","embeddable":true,"href":"https:\/\/skullcase.store\/demo\/wp-json\/wp\/v2\/product_brand?post=5602"},{"taxonomy":"product_cat","embeddable":true,"href":"https:\/\/skullcase.store\/demo\/wp-json\/wp\/v2\/product_cat?post=5602"},{"taxonomy":"product_tag","embeddable":true,"href":"https:\/\/skullcase.store\/demo\/wp-json\/wp\/v2\/product_tag?post=5602"}],"curies":[{"name":"wp","href":"https:\/\/api.w.org\/{rel}","templated":true}]}}