{"id":6062,"date":"2025-02-23T00:00:31","date_gmt":"2025-02-23T06:00:31","guid":{"rendered":"https:\/\/skullcase.store\/demo\/demo\/?post_type=product&#038;p=6062"},"modified":"2025-10-22T19:51:29","modified_gmt":"2025-10-23T01:51:29","slug":"samsung-s25-ultra-ventana","status":"publish","type":"product","link":"https:\/\/skullcase.store\/demo\/product\/samsung-s25-ultra-ventana\/","title":{"rendered":"Samsung S25 Ultra Ventana"},"content":{"rendered":"<div style=\"width: 1080px;\" class=\"wp-video\"><!--[if lt IE 9]><script>document.createElement('video');<\/script><![endif]-->\n<video class=\"wp-video-shortcode\" id=\"video-6062-1\" width=\"1080\" height=\"1920\" preload=\"metadata\" controls=\"controls\"><source type=\"video\/mp4\" src=\"https:\/\/skullcase.store\/demo\/wp-content\/uploads\/2025\/05\/blanco-s25-1.mp4?_=1\" \/><a href=\"https:\/\/skullcase.store\/demo\/wp-content\/uploads\/2025\/05\/blanco-s25-1.mp4\">https:\/\/skullcase.store\/demo\/wp-content\/uploads\/2025\/05\/blanco-s25-1.mp4<\/a><\/video><\/div>\n","protected":false},"excerpt":{"rendered":"<p><span style=\"color: #000000;\">\u2022 PROTECCI\u00d3N PREMIUM<\/span><br \/>\n<span style=\"color: #000000;\">El espesor perfecto y m\u00e1s ligero,<\/span><br \/>\n<span style=\"color: #000000;\">Funda Reforzada Transparente ANTISHOCK con ventana protectora premium para las c\u00e1maras de tu celular.<\/span><\/p>\n<p><span style=\"color: #000000;\">\u2022 Dise\u00f1o de diamantes m\u00e1s ligero.<\/span><br \/>\n<span style=\"color: #000000;\">Sentir\u00e1s una sensaci\u00f3n \u00fanica al tacto con tu dispositivo.<\/span><\/p>\n<p><span style=\"color: #000000;\">\u2022 Sensaci\u00f3n premium<\/span><br \/>\n<span style=\"color: #000000;\">Adherencia firmemente a tu tel\u00e9fono.<\/span><br \/>\n<span style=\"color: #000000;\">Todos los botones de aluminio est\u00e1n dise\u00f1ados para una ejecuci\u00f3n r\u00e1pida y precisa.<\/span><\/p>\n<p><span style=\"color: #000000;\">\u2022 Anillo MagSafe premium de fuerte Absorci\u00f3n magn\u00e9tica.<\/span><\/p>\n<p><span style=\"color: #000000;\"><strong><img decoding=\"async\" class=\"alignnone wp-image-6886 size-medium\" src=\"https:\/\/skullcase.store\/demo\/wp-content\/uploads\/2025\/09\/boton-elige_Mesa-de-trabajo-1-1-300x42.png\" alt=\"\" width=\"300\" height=\"42\" srcset=\"https:\/\/skullcase.store\/demo\/wp-content\/uploads\/2025\/09\/boton-elige_Mesa-de-trabajo-1-1-300x42.png 300w, https:\/\/skullcase.store\/demo\/wp-content\/uploads\/2025\/09\/boton-elige_Mesa-de-trabajo-1-1-scaled-600x84.png 600w, https:\/\/skullcase.store\/demo\/wp-content\/uploads\/2025\/09\/boton-elige_Mesa-de-trabajo-1-1-1024x144.png 1024w, https:\/\/skullcase.store\/demo\/wp-content\/uploads\/2025\/09\/boton-elige_Mesa-de-trabajo-1-1-768x108.png 768w, https:\/\/skullcase.store\/demo\/wp-content\/uploads\/2025\/09\/boton-elige_Mesa-de-trabajo-1-1-1536x216.png 1536w, https:\/\/skullcase.store\/demo\/wp-content\/uploads\/2025\/09\/boton-elige_Mesa-de-trabajo-1-1-2048x288.png 2048w\" sizes=\"(max-width: 300px) 100vw, 300px\" \/><\/strong><\/span><\/p>\n","protected":false},"featured_media":6072,"comment_status":"open","ping_status":"closed","template":"","meta":{"_acf_changed":false},"product_brand":[],"product_cat":[82,85],"product_tag":[],"class_list":{"0":"post-6062","1":"product","2":"type-product","3":"status-publish","4":"has-post-thumbnail","6":"product_cat-samsung-s25-ultra-ventana","7":"product_cat-samsungs25-ventana","8":"pa_color-azul","9":"pa_color-blanco","10":"pa_color-negro","11":"pa_color-rosa","13":"first","14":"instock","15":"shipping-taxable","16":"purchasable","17":"product-type-variable"},"acf":[],"_links":{"self":[{"href":"https:\/\/skullcase.store\/demo\/wp-json\/wp\/v2\/product\/6062","targetHints":{"allow":["GET"]}}],"collection":[{"href":"https:\/\/skullcase.store\/demo\/wp-json\/wp\/v2\/product"}],"about":[{"href":"https:\/\/skullcase.store\/demo\/wp-json\/wp\/v2\/types\/product"}],"replies":[{"embeddable":true,"href":"https:\/\/skullcase.store\/demo\/wp-json\/wp\/v2\/comments?post=6062"}],"wp:featuredmedia":[{"embeddable":true,"href":"https:\/\/skullcase.store\/demo\/wp-json\/wp\/v2\/media\/6072"}],"wp:attachment":[{"href":"https:\/\/skullcase.store\/demo\/wp-json\/wp\/v2\/media?parent=6062"}],"wp:term":[{"taxonomy":"product_brand","embeddable":true,"href":"https:\/\/skullcase.store\/demo\/wp-json\/wp\/v2\/product_brand?post=6062"},{"taxonomy":"product_cat","embeddable":true,"href":"https:\/\/skullcase.store\/demo\/wp-json\/wp\/v2\/product_cat?post=6062"},{"taxonomy":"product_tag","embeddable":true,"href":"https:\/\/skullcase.store\/demo\/wp-json\/wp\/v2\/product_tag?post=6062"}],"curies":[{"name":"wp","href":"https:\/\/api.w.org\/{rel}","templated":true}]}}