{"id":6733,"date":"2025-09-25T17:30:10","date_gmt":"2025-09-25T23:30:10","guid":{"rendered":"https:\/\/skullcase.store\/demo\/?post_type=product&#038;p=6733"},"modified":"2025-10-22T19:47:43","modified_gmt":"2025-10-23T01:47:43","slug":"iphone-17","status":"publish","type":"product","link":"https:\/\/skullcase.store\/demo\/product\/iphone-17\/","title":{"rendered":"iPhone 17"},"content":{"rendered":"<div style=\"width: 1080px;\" class=\"wp-video\"><!--[if lt IE 9]><script>document.createElement('video');<\/script><![endif]-->\n<video class=\"wp-video-shortcode\" id=\"video-6733-1\" width=\"1080\" height=\"1920\" preload=\"metadata\" controls=\"controls\"><source type=\"video\/mp4\" src=\"https:\/\/skullcase.store\/demo\/wp-content\/uploads\/2025\/10\/iphone17.mp4?_=1\" \/><a href=\"https:\/\/skullcase.store\/demo\/wp-content\/uploads\/2025\/10\/iphone17.mp4\">https:\/\/skullcase.store\/demo\/wp-content\/uploads\/2025\/10\/iphone17.mp4<\/a><\/video><\/div>\n","protected":false},"excerpt":{"rendered":"<p><span style=\"color: #000000;\"><strong>PROTECCI\u00d3N PREMIUM 360\u00ba<\/strong><\/span><\/p>\n<p>&nbsp;<\/p>\n<ol>\n<li><span style=\"color: #000000;\">Protecci\u00f3n total 360\u00b0: Dise\u00f1ado para resistir golpes, ca\u00eddas y rayaduras. Su cobertura completa brinda m\u00e1xima seguridad sin ocultar el COLOR NI EL DISE\u00d1O ORIGINAL de tu dispositivo.<\/span><\/li>\n<li><span style=\"color: #000000;\">Resistente y transparente: Combina la fuerza de un protector de uso rudo con elegancia de un acabado cristalino, manteniendo tu celular seguro y mostrando su estilo real.<\/span><\/li>\n<li><span style=\"color: #000000;\">Durabilidad sin perder est\u00e9tica: Su dise\u00f1o 360\u00ba protege cada rinc\u00f3n, absorbiendo impactos y conservando la apariencia original gracias a su material totalmente transparente.<\/span><\/li>\n<\/ol>\n<p>&nbsp;<\/p>\n<p><span style=\"color: #ffffff;\"><strong><span style=\"color: #000000;\">Color 100% Transparente<\/span><br \/>\n<img decoding=\"async\" class=\"alignnone wp-image-6886 size-medium\" src=\"https:\/\/skullcase.store\/demo\/wp-content\/uploads\/2025\/09\/boton-elige_Mesa-de-trabajo-1-1-300x42.png\" alt=\"\" width=\"300\" height=\"42\" srcset=\"https:\/\/skullcase.store\/demo\/wp-content\/uploads\/2025\/09\/boton-elige_Mesa-de-trabajo-1-1-300x42.png 300w, https:\/\/skullcase.store\/demo\/wp-content\/uploads\/2025\/09\/boton-elige_Mesa-de-trabajo-1-1-scaled-600x84.png 600w, https:\/\/skullcase.store\/demo\/wp-content\/uploads\/2025\/09\/boton-elige_Mesa-de-trabajo-1-1-1024x144.png 1024w, https:\/\/skullcase.store\/demo\/wp-content\/uploads\/2025\/09\/boton-elige_Mesa-de-trabajo-1-1-768x108.png 768w, https:\/\/skullcase.store\/demo\/wp-content\/uploads\/2025\/09\/boton-elige_Mesa-de-trabajo-1-1-1536x216.png 1536w, https:\/\/skullcase.store\/demo\/wp-content\/uploads\/2025\/09\/boton-elige_Mesa-de-trabajo-1-1-2048x288.png 2048w\" sizes=\"(max-width: 300px) 100vw, 300px\" \/><br \/>\n<\/strong><\/span><\/p>\n","protected":false},"featured_media":6744,"comment_status":"open","ping_status":"closed","template":"","meta":{"_acf_changed":false},"product_brand":[],"product_cat":[93,92],"product_tag":[],"class_list":{"0":"post-6733","1":"product","2":"type-product","3":"status-publish","4":"has-post-thumbnail","6":"product_cat-iphone-17","7":"product_cat-iphone-17-uso-rudo","8":"pa_color-transparente","10":"first","11":"instock","12":"shipping-taxable","13":"purchasable","14":"product-type-variable"},"acf":[],"_links":{"self":[{"href":"https:\/\/skullcase.store\/demo\/wp-json\/wp\/v2\/product\/6733","targetHints":{"allow":["GET"]}}],"collection":[{"href":"https:\/\/skullcase.store\/demo\/wp-json\/wp\/v2\/product"}],"about":[{"href":"https:\/\/skullcase.store\/demo\/wp-json\/wp\/v2\/types\/product"}],"replies":[{"embeddable":true,"href":"https:\/\/skullcase.store\/demo\/wp-json\/wp\/v2\/comments?post=6733"}],"wp:featuredmedia":[{"embeddable":true,"href":"https:\/\/skullcase.store\/demo\/wp-json\/wp\/v2\/media\/6744"}],"wp:attachment":[{"href":"https:\/\/skullcase.store\/demo\/wp-json\/wp\/v2\/media?parent=6733"}],"wp:term":[{"taxonomy":"product_brand","embeddable":true,"href":"https:\/\/skullcase.store\/demo\/wp-json\/wp\/v2\/product_brand?post=6733"},{"taxonomy":"product_cat","embeddable":true,"href":"https:\/\/skullcase.store\/demo\/wp-json\/wp\/v2\/product_cat?post=6733"},{"taxonomy":"product_tag","embeddable":true,"href":"https:\/\/skullcase.store\/demo\/wp-json\/wp\/v2\/product_tag?post=6733"}],"curies":[{"name":"wp","href":"https:\/\/api.w.org\/{rel}","templated":true}]}}